{"id":82,"date":"2023-09-15T18:55:57","date_gmt":"2023-09-15T21:55:57","guid":{"rendered":"https:\/\/ferrerifontanabogados.com.ar\/?page_id=82"},"modified":"2023-11-29T11:09:01","modified_gmt":"2023-11-29T14:09:01","slug":"quienes-somos","status":"publish","type":"page","link":"https:\/\/ferrerifontanabogados.com.ar\/index.php\/quienes-somos\/","title":{"rendered":"\u00bfQui\u00e9nes Somos?"},"content":{"rendered":"\n<h2 class=\"wp-block-heading\">\u00bfQui\u00e9nes Somos?<\/h2>\n\n\n\n<p><\/p>\n\n\n<div class=\"wp-block-image\">\n<figure class=\"aligncenter size-full is-resized\"><img loading=\"lazy\" decoding=\"async\" width=\"208\" height=\"192\" src=\"https:\/\/ferrerifontanabogados.com.ar\/wp-content\/uploads\/2023\/09\/logop.png\" alt=\"\" class=\"wp-image-114\" style=\"aspect-ratio:1;object-fit:contain;width:208px;height:auto\"\/><\/figure>\n<\/div>\n\n\n<figure class=\"wp-block-pullquote\" style=\"font-size:17px\"><blockquote><p>Somos un estudio jur\u00eddico con base en el coraz\u00f3n de la ciudad de Rosario, Santa Fe, fundado por dos abogados apasionados por la justicia y el compromiso con nuestros clientes. Nuestra fortaleza radica en la combinaci\u00f3n de perspectivas, que enriquece nuestra capacidad de abordar casos de manera integral y equitativa.<\/p><\/blockquote><\/figure>\n","protected":false},"excerpt":{"rendered":"<p>\u00bfQui\u00e9nes Somos? Somos un estudio jur\u00eddico con base en el coraz\u00f3n de la ciudad de Rosario, Santa Fe, fundado por dos abogados apasionados por la justicia y el compromiso con nuestros clientes. Nuestra fortaleza radica en la combinaci\u00f3n de perspectivas, que enriquece nuestra capacidad de abordar casos de manera integral y equitativa.<\/p>\n","protected":false},"author":1,"featured_media":0,"parent":0,"menu_order":0,"comment_status":"closed","ping_status":"closed","template":"","meta":{"om_disable_all_campaigns":false,"_monsterinsights_skip_tracking":false,"_monsterinsights_sitenote_active":false,"_monsterinsights_sitenote_note":"","_monsterinsights_sitenote_category":0,"footnotes":""},"class_list":["post-82","page","type-page","status-publish","hentry"],"aioseo_notices":[],"_links":{"self":[{"href":"https:\/\/ferrerifontanabogados.com.ar\/index.php\/wp-json\/wp\/v2\/pages\/82","targetHints":{"allow":["GET"]}}],"collection":[{"href":"https:\/\/ferrerifontanabogados.com.ar\/index.php\/wp-json\/wp\/v2\/pages"}],"about":[{"href":"https:\/\/ferrerifontanabogados.com.ar\/index.php\/wp-json\/wp\/v2\/types\/page"}],"author":[{"embeddable":true,"href":"https:\/\/ferrerifontanabogados.com.ar\/index.php\/wp-json\/wp\/v2\/users\/1"}],"replies":[{"embeddable":true,"href":"https:\/\/ferrerifontanabogados.com.ar\/index.php\/wp-json\/wp\/v2\/comments?post=82"}],"version-history":[{"count":13,"href":"https:\/\/ferrerifontanabogados.com.ar\/index.php\/wp-json\/wp\/v2\/pages\/82\/revisions"}],"predecessor-version":[{"id":391,"href":"https:\/\/ferrerifontanabogados.com.ar\/index.php\/wp-json\/wp\/v2\/pages\/82\/revisions\/391"}],"wp:attachment":[{"href":"https:\/\/ferrerifontanabogados.com.ar\/index.php\/wp-json\/wp\/v2\/media?parent=82"}],"curies":[{"name":"wp","href":"https:\/\/api.w.org\/{rel}","templated":true}]}}